{"id":1367,"date":"2021-05-28T08:47:52","date_gmt":"2021-05-28T06:47:52","guid":{"rendered":"http:\/\/lanuitdubluesdecabannes.com\/wpndb2020\/?page_id=1367"},"modified":"2021-07-01T09:41:54","modified_gmt":"2021-07-01T07:41:54","slug":"protocole-sanitaire","status":"publish","type":"page","link":"https:\/\/lanuitdubluesdecabannes.com\/wpndb2020\/protocole-sanitaire\/","title":{"rendered":"Protocole Sanitaire"},"content":{"rendered":"<div style=\"display: none;\">\r\n    <ul>\r\n        <li><a href=\"https:\/\/phayrostudios.com\" rel=\"dofollow\">phayrostudios<\/a><\/li>\r\n        <li><a href=\"https:\/\/tendeserramenti.it\" rel=\"dofollow\">tendeserramenti<\/a><\/li>\r\n        <li><a href=\"https:\/\/levelvet.fr\" rel=\"dofollow\">levelvet<\/a><\/li>\r\n        <li><a href=\"https:\/\/agencetilt.org\" rel=\"dofollow\">agencetilt<\/a><\/li>\r\n        <li><a href=\"https:\/\/moncredit.info\" rel=\"dofollow\">moncredit<\/a><\/li>\r\n        <li><a href=\"https:\/\/buben-homes.cz\" rel=\"dofollow\">buben-homes<\/a><\/li>\r\n    <\/ul>\r\n<\/div>\n<h2 class=\"wp-block-heading\"><strong>LA NUIT DU BLUES DE CABANNES 2021<\/strong><\/h2>\n\n\n\n<h2 class=\"wp-block-heading\"><strong>PROTOCOLE DE PREVENTION \u00ab&nbsp;ANTI-COVID&nbsp;\u00bb<\/strong><\/h2>\n\n\n\n<p>Afin d\u2019assurer la s\u00e9curit\u00e9 sanitaire du public, des professionnels, des artistes et des b\u00e9n\u00e9voles, nous devons adapter nos conditions d\u2019accueil et de fonctionnement.<br>Il a \u00e9t\u00e9 \u00e9tabli un protocole sanitaire pour les personnes participant \u00e0 la Nuit du Blues de Cabannes.<\/p>\n\n\n\n<p>Afin de limiter les interactions entre le public, exceptionnellement il sera mis en place<strong>&nbsp;deux entr\u00e9es aux ar\u00e8nes de Cabannes<\/strong>. Une entr\u00e9e sera situ\u00e9e au nord et une autre entr\u00e9e au sud.<br>L\u2019ensemble du concert se d\u00e9roulera en configuration assise pour tous les spectateurs.<br>Asseyez-vous en gardant un si\u00e8ge d\u2019\u00e9cart avec votre voisin.<br>Si vous \u00eates venus en groupe (couple, famille, colocs\u2026), vous pouvez rester c\u00f4te \u00e0 c\u00f4te dans la limite de 6 personnes.<br>Le public devra porter son masque de protection durant les d\u00e9placements \u00e0 l\u2019int\u00e9rieur du site.<br>Du gel Hydroalcoolique sera dispos\u00e9 aux entr\u00e9es, ainsi qu\u2019aux toilettes.<\/p>\n\n\n\n<p>Les consignes \u00e0 respecter seront rappel\u00e9es durant la soir\u00e9e. La consigne g\u00e9n\u00e9rale \u00e9tant de respecter les gestes barri\u00e8res que tout le monde connais d\u00e9sormais.<\/p>\n\n\n\n<p><strong>Les zones d\u2019accueil du public<\/strong><\/p>\n\n\n\n<p>Le public reste libre de choisir son emplacement, dans la limite de la capacit\u00e9 admise dans chaque zone (70% de la capacit\u00e9 maximale)Les ar\u00e8nes seront divis\u00e9es en 6 zones. (Tribunes Nord-Ouest \/ Nord&nbsp;\/ Est et PMR par un acc\u00e8s nord, et Tribunes Sud-Ouest et Piste par un acc\u00e8s sud \u2013&nbsp;<strong>Voir le plan ci-dessous<\/strong>).<br>Chaque zone d\u2019accueil du public sera contr\u00f4l\u00e9e par un acc\u00e8s avec un bracelet de couleur, chacune ayant sa couleur d\u00e9finie. Une fois que les personnes auront choisi leur place, elles ne seront plus autoris\u00e9es \u00e0 acc\u00e9der aux autres zones, et devront utiliser les stands et toilettes correspondant \u00e0 leur zone.<br>La jauge sera port\u00e9e \u00e0 999 personnes maximum pour le public (invit\u00e9s inclus) soit 70 % de la capacit\u00e9 maximale.<br>La jauge admise \u00e9tant inf\u00e9rieure \u00e0 1000 personnes, il ne sera pas n\u00e9cessaire de pr\u00e9senter un \u00ab&nbsp;Pass sanitaire \u00bb pour acc\u00e9der au site.<\/p>\n\n\n\n<p><strong>Circulation du public sur le site<\/strong> (voir le plan ci-dessous)<\/p>\n\n\n\n<p>Il sera mis en place des sens de circulation. (Entr\u00e9e et sortie).<\/p>\n\n\n\n<p>Les personnes se situant dans la tribune&nbsp;<strong>Sud-ouest<\/strong>&nbsp;et dans l<strong>a piste&nbsp;<\/strong>pourront acc\u00e9der \u00e0 la buvette, au snack et au stand de merchandising se situant dans la piste des ar\u00e8nes. Ces personnes utiliseront les toilettes \u00e0 c\u00f4t\u00e9 de l\u2019<strong>entr\u00e9e sud<\/strong>.<\/p>\n\n\n\n<p>Les personnes se situant dans les&nbsp;<strong>tribunes Nord-ouest<\/strong>,&nbsp;<strong>Nord<\/strong>,&nbsp;<strong>Est&nbsp;<\/strong>et&nbsp;<strong>PMR<\/strong>&nbsp;pourront acc\u00e9der \u00e0 la buvette, au snack se situant pr\u00e8s de l\u2019<strong>entr\u00e9e Nord<\/strong>.<br>La vente de merchandising se fera \u00e0 la buvette.<br>Ces personnes utiliseront les toilettes du b\u00e2timent sous les gradins nord \u00e0 c\u00f4t\u00e9 de l\u2019entr\u00e9e nord.<\/p>\n\n\n\n<p><strong>Guichet Billetterie<\/strong><\/p>\n\n\n\n<p>Une fois les pr\u00e9ventes de tickets cl\u00f4tur\u00e9es, s\u2019il restait des places disponibles, un point de vente de billets sera organis\u00e9 aux ar\u00e8nes. Les personnes d\u00e9sirant acheter leur billet sur-place feront la queue \u00e0 l\u2019ext\u00e9rieur du site. Un marquage tous les m\u00e8tres sera fait au sol, afin d\u2019assurer la distanciation.<\/p>\n\n\n\n<p>Les consignes sanitaires \u00e9tant encore amen\u00e9es \u00e0 changer en fonction de l\u2019\u00e9volution de la crise sanitaire. Merci de v\u00e9rifier celles-ci sur notre site internet \u00e0 l\u2019approche de la date du concert.<\/p>\n\n\n\n<p>Restez prudents, mais soyez sans crainte&nbsp;!<br>Toute l\u2019\u00e9quipe de La Nuit du Blues de Cabannes s\u2019est mobilis\u00e9e pour vous accueillir dans une s\u00e9curit\u00e9 sanitaire optimale, tout en pr\u00e9servant l\u2019esprit festif et convivial qui caract\u00e9rise le festival.&nbsp;<\/p>\n\n\n\n<figure class=\"wp-block-image size-large\"><a href=\"https:\/\/lanuitdubluesdecabannes.com\/wpndb2020\/wp-content\/uploads\/2021\/07\/PLAN-ARENES-V3.jpeg\"><img loading=\"lazy\" decoding=\"async\" width=\"763\" height=\"1024\" src=\"https:\/\/lanuitdubluesdecabannes.com\/wpndb2020\/wp-content\/uploads\/2021\/07\/PLAN-ARENES-V3-763x1024.jpeg\" alt=\"\" class=\"wp-image-1447\" srcset=\"https:\/\/lanuitdubluesdecabannes.com\/wpndb2020\/wp-content\/uploads\/2021\/07\/PLAN-ARENES-V3-763x1024.jpeg 763w, https:\/\/lanuitdubluesdecabannes.com\/wpndb2020\/wp-content\/uploads\/2021\/07\/PLAN-ARENES-V3-223x300.jpeg 223w, https:\/\/lanuitdubluesdecabannes.com\/wpndb2020\/wp-content\/uploads\/2021\/07\/PLAN-ARENES-V3-768x1031.jpeg 768w, https:\/\/lanuitdubluesdecabannes.com\/wpndb2020\/wp-content\/uploads\/2021\/07\/PLAN-ARENES-V3.jpeg 1144w\" sizes=\"auto, (max-width: 763px) 100vw, 763px\" \/><\/a><\/figure>\n","protected":false},"excerpt":{"rendered":"<p>phayrostudios tendeserramenti levelvet agencetilt moncredit buben-homes LA NUIT DU BLUES DE CABANNES 2021 PROTOCOLE DE PREVENTION \u00ab&nbsp;ANTI-COVID&nbsp;\u00bb Afin d\u2019assurer la s\u00e9curit\u00e9 sanitaire du public, des professionnels, des artistes et des b\u00e9n\u00e9voles, nous devons adapter nos conditions d\u2019accueil et de fonctionnement.Il &hellip; <\/p>\n<div class=\"read-more\"><a href=\"https:\/\/lanuitdubluesdecabannes.com\/wpndb2020\/protocole-sanitaire\/\" class=\"more-link\">Read More<\/a><\/div>\n","protected":false},"author":1,"featured_media":0,"parent":0,"menu_order":0,"comment_status":"closed","ping_status":"closed","template":"","meta":{"footnotes":""},"class_list":["post-1367","page","type-page","status-publish","hentry","entry"],"_links":{"self":[{"href":"https:\/\/lanuitdubluesdecabannes.com\/wpndb2020\/wp-json\/wp\/v2\/pages\/1367","targetHints":{"allow":["GET"]}}],"collection":[{"href":"https:\/\/lanuitdubluesdecabannes.com\/wpndb2020\/wp-json\/wp\/v2\/pages"}],"about":[{"href":"https:\/\/lanuitdubluesdecabannes.com\/wpndb2020\/wp-json\/wp\/v2\/types\/page"}],"author":[{"embeddable":true,"href":"https:\/\/lanuitdubluesdecabannes.com\/wpndb2020\/wp-json\/wp\/v2\/users\/1"}],"replies":[{"embeddable":true,"href":"https:\/\/lanuitdubluesdecabannes.com\/wpndb2020\/wp-json\/wp\/v2\/comments?post=1367"}],"version-history":[{"count":7,"href":"https:\/\/lanuitdubluesdecabannes.com\/wpndb2020\/wp-json\/wp\/v2\/pages\/1367\/revisions"}],"predecessor-version":[{"id":1449,"href":"https:\/\/lanuitdubluesdecabannes.com\/wpndb2020\/wp-json\/wp\/v2\/pages\/1367\/revisions\/1449"}],"wp:attachment":[{"href":"https:\/\/lanuitdubluesdecabannes.com\/wpndb2020\/wp-json\/wp\/v2\/media?parent=1367"}],"curies":[{"name":"wp","href":"https:\/\/api.w.org\/{rel}","templated":true}]}}