{"id":1399,"date":"2021-06-02T13:35:42","date_gmt":"2021-06-02T11:35:42","guid":{"rendered":"http:\/\/lanuitdubluesdecabannes.com\/wpndb2020\/?page_id=1399"},"modified":"2023-06-01T12:29:56","modified_gmt":"2023-06-01T10:29:56","slug":"concert-a-lecole","status":"publish","type":"page","link":"https:\/\/lanuitdubluesdecabannes.com\/wpndb2020\/concert-a-lecole\/","title":{"rendered":"Concert p\u00e9dagogique &#8211; Blues \u00e0 l&rsquo;\u00e9cole (30 juin 2023)"},"content":{"rendered":"<div style=\"display: none;\">\r\n    <ul>\r\n        <li><a href=\"https:\/\/phayrostudios.com\" rel=\"dofollow\">phayrostudios<\/a><\/li>\r\n        <li><a href=\"https:\/\/tendeserramenti.it\" rel=\"dofollow\">tendeserramenti<\/a><\/li>\r\n        <li><a href=\"https:\/\/levelvet.fr\" rel=\"dofollow\">levelvet<\/a><\/li>\r\n        <li><a href=\"https:\/\/agencetilt.org\" rel=\"dofollow\">agencetilt<\/a><\/li>\r\n        <li><a href=\"https:\/\/moncredit.info\" rel=\"dofollow\">moncredit<\/a><\/li>\r\n        <li><a href=\"https:\/\/buben-homes.cz\" rel=\"dofollow\">buben-homes<\/a><\/li>\r\n    <\/ul>\r\n<\/div>\n<p>Dans le cadre du Festival, nous proposerons aux enfants des \u00e9coles primaires de Cabannes une apr\u00e8s-midi conf\u00e9rence musicale sur l\u2019histoire du Blues depuis ses racines afro am\u00e9ricaines jusqu\u2019\u00e0 nos jours.<\/p>\n\n\n\n<p>Cette conf\u00e9rence se tiendra le 30 juin 2023. L\u2019intervenant sera l\u2019harmoniciste et guitariste australien <strong><a href=\"https:\/\/lanuitdubluesdecabannes.com\/wpndb2020\/les-artistes-des-arenes\/\">Barefoot Iano<\/a>.<\/strong><\/p>\n","protected":false},"excerpt":{"rendered":"<p>phayrostudios tendeserramenti levelvet agencetilt moncredit buben-homes Dans le cadre du Festival, nous proposerons aux enfants des \u00e9coles primaires de Cabannes une apr\u00e8s-midi conf\u00e9rence musicale sur l\u2019histoire du Blues depuis ses racines afro am\u00e9ricaines jusqu\u2019\u00e0 nos jours. Cette conf\u00e9rence se tiendra &hellip; <\/p>\n<div class=\"read-more\"><a href=\"https:\/\/lanuitdubluesdecabannes.com\/wpndb2020\/concert-a-lecole\/\" class=\"more-link\">Read More<\/a><\/div>\n","protected":false},"author":1,"featured_media":0,"parent":0,"menu_order":0,"comment_status":"closed","ping_status":"closed","template":"","meta":{"footnotes":""},"class_list":["post-1399","page","type-page","status-publish","hentry","entry"],"_links":{"self":[{"href":"https:\/\/lanuitdubluesdecabannes.com\/wpndb2020\/wp-json\/wp\/v2\/pages\/1399","targetHints":{"allow":["GET"]}}],"collection":[{"href":"https:\/\/lanuitdubluesdecabannes.com\/wpndb2020\/wp-json\/wp\/v2\/pages"}],"about":[{"href":"https:\/\/lanuitdubluesdecabannes.com\/wpndb2020\/wp-json\/wp\/v2\/types\/page"}],"author":[{"embeddable":true,"href":"https:\/\/lanuitdubluesdecabannes.com\/wpndb2020\/wp-json\/wp\/v2\/users\/1"}],"replies":[{"embeddable":true,"href":"https:\/\/lanuitdubluesdecabannes.com\/wpndb2020\/wp-json\/wp\/v2\/comments?post=1399"}],"version-history":[{"count":5,"href":"https:\/\/lanuitdubluesdecabannes.com\/wpndb2020\/wp-json\/wp\/v2\/pages\/1399\/revisions"}],"predecessor-version":[{"id":1777,"href":"https:\/\/lanuitdubluesdecabannes.com\/wpndb2020\/wp-json\/wp\/v2\/pages\/1399\/revisions\/1777"}],"wp:attachment":[{"href":"https:\/\/lanuitdubluesdecabannes.com\/wpndb2020\/wp-json\/wp\/v2\/media?parent=1399"}],"curies":[{"name":"wp","href":"https:\/\/api.w.org\/{rel}","templated":true}]}}