{"id":1541,"date":"2022-03-25T16:13:27","date_gmt":"2022-03-25T15:13:27","guid":{"rendered":"https:\/\/lanuitdubluesdecabannes.com\/wpndb2020\/?page_id=1541"},"modified":"2024-04-02T13:10:13","modified_gmt":"2024-04-02T11:10:13","slug":"les-artistes-des-arenes","status":"publish","type":"page","link":"https:\/\/lanuitdubluesdecabannes.com\/wpndb2020\/les-artistes-des-arenes\/","title":{"rendered":"Les Artistes du 6 Juillet"},"content":{"rendered":"<div style=\"display: none;\">\r\n    <ul>\r\n        <li><a href=\"https:\/\/phayrostudios.com\" rel=\"dofollow\">phayrostudios<\/a><\/li>\r\n        <li><a href=\"https:\/\/tendeserramenti.it\" rel=\"dofollow\">tendeserramenti<\/a><\/li>\r\n        <li><a href=\"https:\/\/levelvet.fr\" rel=\"dofollow\">levelvet<\/a><\/li>\r\n        <li><a href=\"https:\/\/agencetilt.org\" rel=\"dofollow\">agencetilt<\/a><\/li>\r\n        <li><a href=\"https:\/\/moncredit.info\" rel=\"dofollow\">moncredit<\/a><\/li>\r\n        <li><a href=\"https:\/\/buben-homes.cz\" rel=\"dofollow\">buben-homes<\/a><\/li>\r\n    <\/ul>\r\n<\/div>\n<p><a href=\"http:\/\/lanuitdubluesdecabannes.com\/wpndb\/?page_id=24\">C<\/a><a href=\"https:\/\/lanuitdubluesdecabannes.com\/wpndb2020\/infos-pratiques\/#tarifs\">liquer ici pour d\u00e9couvrir les tarifs<\/a><\/p>\n\n\n\n<h1 class=\"wp-block-heading\">SAMEDI 6&nbsp;JUILLET 2024<\/h1>\n\n\n\n<p><strong>Ouverture des portes 19h, concert grande sc\u00e8ne \u00e0 partir de 20h<\/strong><\/p>\n\n\n\n<p>Changement de plateau&nbsp;: Quasi Blues (FR)<\/p>\n\n\n\n<p>Grande sc\u00e8ne:<\/p>\n\n\n\n<ul class=\"wp-block-list\">\n<li>Bernard Sellam &amp; The Boyz From The Hood&nbsp;(FR)<\/li>\n\n\n\n<li>Grainne Duffy (Irlande)<\/li>\n\n\n\n<li>Izo Fitzroy (GB)<\/li>\n<\/ul>\n\n\n\n<p id=\"artiste3\" class=\"has-text-align-center has-large-font-size\"><\/p>\n\n\n\n<div class=\"wp-block-columns is-layout-flex wp-container-core-columns-is-layout-9d6595d7 wp-block-columns-is-layout-flex\">\n<div class=\"wp-block-column is-vertically-aligned-center is-layout-flow wp-block-column-is-layout-flow\">\n<figure class=\"wp-block-image size-full\"><img loading=\"lazy\" decoding=\"async\" width=\"1296\" height=\"1716\" src=\"https:\/\/lanuitdubluesdecabannes.com\/wpndb2020\/wp-content\/uploads\/2024\/04\/QuasiBlues.png\" alt=\"\" class=\"wp-image-1869\" srcset=\"https:\/\/lanuitdubluesdecabannes.com\/wpndb2020\/wp-content\/uploads\/2024\/04\/QuasiBlues.png 1296w, https:\/\/lanuitdubluesdecabannes.com\/wpndb2020\/wp-content\/uploads\/2024\/04\/QuasiBlues-227x300.png 227w, https:\/\/lanuitdubluesdecabannes.com\/wpndb2020\/wp-content\/uploads\/2024\/04\/QuasiBlues-773x1024.png 773w, https:\/\/lanuitdubluesdecabannes.com\/wpndb2020\/wp-content\/uploads\/2024\/04\/QuasiBlues-768x1017.png 768w, https:\/\/lanuitdubluesdecabannes.com\/wpndb2020\/wp-content\/uploads\/2024\/04\/QuasiBlues-1160x1536.png 1160w\" sizes=\"auto, (max-width: 1296px) 100vw, 1296px\" \/><\/figure>\n<\/div>\n\n\n\n<div class=\"wp-block-column is-vertically-aligned-center is-layout-flow wp-block-column-is-layout-flow\">\n<h2 class=\"wp-block-heading has-text-align-center\"><a href=\"https:\/\/www.facebook.com\/p\/Quasi-Blues-Revival-100063493509941\/\" data-type=\"link\" data-id=\"https:\/\/www.facebook.com\/p\/Quasi-Blues-Revival-100063493509941\/\">QUASI BLUES<\/a> (FR)<\/h2>\n<\/div>\n<\/div>\n\n\n\n<p>STEHANE BERTOLINO, une r\u00e9f\u00e9rence dans l\u2019univers de l\u2019harmonica, et FABRICE JOUSSOT, une voix et une guitare au service du blues et de la Soul music.<\/p>\n\n\n\n<p>Ils sont tr\u00e8s vite reconnus par leurs pairs dans le monde du blues et du Jazz.<\/p>\n\n\n\n<p>QUASI BLUES est un duo compos\u00e9 de FABRICE JOUSSOT \u00e0 la guitare et au chant, et STEPHANE BERTOLINO \u00e0 l\u2019harmonica.<\/p>\n\n\n\n<p>Fabrice originaire de l\u2019Aube commence s\u00e9rieusement la guitare vers l\u2019\u00e2ge de 16 ans et d\u00e9cide d\u2019en faire son m\u00e9tier. Dans les ann\u00e9es 90, il descend s\u2019installer \u00e0 Toulouse et rencontre rapidement St\u00e9phane Bertolino dans un club de blues (Erich Coffee).<\/p>\n\n\n\n<p>Ils d\u00e9cident alors de lier leur talent pour former un duo et partir sur les routes de France et du Qu\u00e9bec. Une forte amiti\u00e9 est n\u00e9e. Que ce soit en Clubs ou en Festivals, chacun a connu ses heures de gloire. STEPHANE fit la premi\u00e8re partie de Michel Petrucciani entre autres et fut honor\u00e9 du titre de meilleur harmoniciste au Blues Challenge de Memphis Tennessee au sein du groupe AWEK, avec lequel il fera les premi\u00e8res parties de TEXAS, Rickie Lee JONES, BB KING.<\/p>\n\n\n\n<p>Fabrice a accompagn\u00e9 les plus grands bluesmen d\u2019Outre-Atlantique en tourn\u00e9e dans l\u2019hexagone: Jimmy BURNS, Sugaray RAYFORD, Kaz HAWKINS, JJ THAMES, Kim WILSON, CANNED HEAT etc. Seul, en duo, ou bien accompagn\u00e9 par le groupe FLYIN SAUCERS GUMBO SPECIAL originaire de Bordeaux.<br>QUASI BLUES pr\u00e9pare un nouvel album et vous donne rendez-vous pour un show blues authentique, intense et g\u00e9n\u00e9reux.<\/p>\n\n\n\n<p id=\"artiste4\" class=\"has-text-align-center has-large-font-size\"><\/p>\n\n\n\n<div class=\"wp-block-columns is-layout-flex wp-container-core-columns-is-layout-9d6595d7 wp-block-columns-is-layout-flex\">\n<div class=\"wp-block-column is-vertically-aligned-center is-layout-flow wp-block-column-is-layout-flow\">\n<h2 class=\"wp-block-heading has-text-align-center\"><strong><a href=\"https:\/\/bernardsellam.wixsite.com\/bernard-sellam\" data-type=\"link\" data-id=\"https:\/\/bernardsellam.wixsite.com\/bernard-sellam\">Bernard Sellam &amp; The Boyz From The Hood<\/a><\/strong>&nbsp;(FR)<\/h2>\n<\/div>\n\n\n\n<div class=\"wp-block-column is-layout-flow wp-block-column-is-layout-flow\">\n<figure class=\"wp-block-image size-full\"><img loading=\"lazy\" decoding=\"async\" width=\"660\" height=\"421\" src=\"https:\/\/lanuitdubluesdecabannes.com\/wpndb2020\/wp-content\/uploads\/2024\/04\/BernardSellam.jpg\" alt=\"\" class=\"wp-image-1864\" srcset=\"https:\/\/lanuitdubluesdecabannes.com\/wpndb2020\/wp-content\/uploads\/2024\/04\/BernardSellam.jpg 660w, https:\/\/lanuitdubluesdecabannes.com\/wpndb2020\/wp-content\/uploads\/2024\/04\/BernardSellam-300x191.jpg 300w\" sizes=\"auto, (max-width: 660px) 100vw, 660px\" \/><\/figure>\n<\/div>\n<\/div>\n\n\n\n<div class=\"wp-block-columns is-layout-flex wp-container-core-columns-is-layout-9d6595d7 wp-block-columns-is-layout-flex\">\n<div class=\"wp-block-column is-layout-flow wp-block-column-is-layout-flow\">\n<p>Apr\u00e8s 35 ans de tourn\u00e9es \u00e0 travers le monde (USA Canada Japon Am\u00e9rique Latine Europe Inde) et 28 ans comme leader d\u2019Awek, Bernard Sellam est heureux de vous pr\u00e9senter sa nouvelle formation:<\/p>\n\n\n\n<p><strong>BERNARD SELLAM &amp; THE BOYZ FROM THE HOOD.<\/strong><\/p>\n\n\n\n<p>Un groupe con\u00e7u pour la sc\u00e8ne et pour faire danser, dans la pure tradition Swing et Rhythm and Blues des ann\u00e9es 50.Un v\u00e9ritable show vintage r\u00e9alis\u00e9 par cinq musiciens professionnels.<\/p>\n\n\n\n<p>Le r\u00e9pertoire a \u00e9t\u00e9 \u00e9crit par les plus grands dans ce style&nbsp;: B.B. King, Johnny Guitar Watson, Lowell Fulson, Guitar Slim,&nbsp;Gatemouth Brown ou Louis Jordan.<\/p>\n\n\n\n<p>Mais le groupe se d\u00e9marque surtout de par ses compositions originales \u00e9crites dans ce style.<\/p>\n\n\n\n<p>L\u2019actualit\u00e9 pour 2023 c\u2019est la sortie d\u2019un premier album en distribution nationale.<\/p>\n\n\n\n<p>Album le plus diffus\u00e9 en f\u00e9vrier et mars 2023 sur les radios du Collectif des Radios Blues.<\/p>\n\n\n\n<p>Une soir\u00e9e dansante et tr\u00e8s festive en perspective.<\/p>\n\n\n\n<p>Le line up&nbsp;:<\/p>\n\n\n\n<ul class=\"wp-block-list\">\n<li>Bernard Sellam: Voix et Guitare<\/li>\n\n\n\n<li>Eric \u00ab\u00a0Church\u00a0\u00bb L\u00e9glise: Basse et Vocal<\/li>\n\n\n\n<li>Julien Bigey : Batterie<\/li>\n\n\n\n<li>Franck Mottin : SaxTenor David Cayrou: Sax Baryton<\/li>\n<\/ul>\n<\/div>\n<\/div>\n\n\n\n<p id=\"artiste5\" class=\"has-text-align-center has-large-font-size\"><\/p>\n\n\n\n<div class=\"wp-block-columns is-layout-flex wp-container-core-columns-is-layout-9d6595d7 wp-block-columns-is-layout-flex\">\n<div class=\"wp-block-column is-vertically-aligned-center is-layout-flow wp-block-column-is-layout-flow\">\n<figure class=\"wp-block-image size-full is-resized\"><img loading=\"lazy\" decoding=\"async\" width=\"160\" height=\"240\" src=\"https:\/\/lanuitdubluesdecabannes.com\/wpndb2020\/wp-content\/uploads\/2024\/04\/GraineDuffy.jpg\" alt=\"\" class=\"wp-image-1866\" style=\"width:234px;height:auto\"\/><\/figure>\n<\/div>\n\n\n\n<div class=\"wp-block-column is-vertically-aligned-center is-layout-flow wp-block-column-is-layout-flow\">\n<h2 class=\"wp-block-heading has-text-align-center\"><strong><a href=\"https:\/\/www.grainneduffy.com\" data-type=\"link\" data-id=\"https:\/\/www.grainneduffy.com\">Grainne Duffy<\/a><\/strong> (Irlande)<\/h2>\n<\/div>\n<\/div>\n\n\n\n<p>Grainne Duffy est n\u00e9e en Irlande et a grandi dans une famille de musiciens. Elle chantait dans la chorale locale ainsi que dans un groupe familial avec ses s\u0153urs. Elle a d\u00e9couvert des artistes comme Aretha Franklin, The Pretenders et Les Rolling Stones, Fleetwood Mac et le blues.<\/p>\n\n\n\n<p>En 2007, Grainne Duffy se lance dans sa carri\u00e8re solo. La m\u00eame ann\u00e9e, elle&nbsp; publie son premier album \u00ab&nbsp;Out of the Dark&nbsp;\u00bb.<\/p>\n\n\n\n<p>En 2010 elle forme le \u00ab&nbsp;Grainne Duffy Band&nbsp;\u00bb compos\u00e9e de Grainne Duffy (guitare et chant), Paul Sherry (guitare, ch\u0153urs), Davy Watson (basse) et Gerry Morgan (batterie). En 2011, Grainne Duffy a sorti son deuxi\u00e8me album \u00ab&nbsp;Test of Time&nbsp;\u00bb. L\u2019album a re\u00e7u des critiques \u00e9logieuses. Le Sunday Times a cit\u00e9 ceci&nbsp;: \u00ab&nbsp;Une chanteuse de blues irlandaise de r\u00e9elle int\u00e9grit\u00e9&nbsp;\u00bb.&nbsp; En 2012, elle est devenue une artiste fortement demand\u00e9e sur les festivals internationaux; Fin 2014 Grainne Duffy a \u00e9t\u00e9 \u00e9lue \u00ab&nbsp;Meilleure Vocalist&nbsp;\u00bb et \u00ab&nbsp;Best Artist&nbsp;\u00bb dans le sondage Blues MattersWriters. Fin 2016, Grainne enregistre un album avec le producteur et compositeur de films Justin Stanley.<\/p>\n\n\n\n<p>En avril&nbsp;2017, elle a publi\u00e9 le single \u00ab&nbsp;Where I Belong&nbsp;\u00bb En septembre sort son troisi\u00e8me album studio du m\u00eame nom.<\/p>\n\n\n\n<p>L\u2019album est officiellement sorti lors d\u2019un concert au \u00ab&nbsp;Nells Jazz &amp; Blues Club&nbsp;\u00bb, \u00e0 Londres, avec des critiques \u00e9logieuses et&nbsp; est&nbsp; reconnu&nbsp; sur la sc\u00e8ne internationale. Depuis, le Grainne Duffy Band \u00e9cume l\u2019ensemble des festivals mondiaux.<\/p>\n\n\n\n<p id=\"artiste6\" class=\"has-text-align-center has-large-font-size\"><\/p>\n\n\n\n<div class=\"wp-block-columns is-layout-flex wp-container-core-columns-is-layout-9d6595d7 wp-block-columns-is-layout-flex\">\n<div class=\"wp-block-column is-vertically-aligned-center is-layout-flow wp-block-column-is-layout-flow\">\n<h2 class=\"wp-block-heading has-text-align-center\"><strong><a href=\"http:\/\/www.izofitzroy.com\" data-type=\"link\" data-id=\"http:\/\/www.izofitzroy.com\">Izo Fitzroy<\/a><\/strong> (GB)<\/h2>\n<\/div>\n\n\n\n<div class=\"wp-block-column is-layout-flow wp-block-column-is-layout-flow\">\n<figure class=\"wp-block-image size-full\"><img loading=\"lazy\" decoding=\"async\" width=\"507\" height=\"531\" src=\"https:\/\/lanuitdubluesdecabannes.com\/wpndb2020\/wp-content\/uploads\/2024\/04\/izofitzroy.jpg\" alt=\"\" class=\"wp-image-1867\" srcset=\"https:\/\/lanuitdubluesdecabannes.com\/wpndb2020\/wp-content\/uploads\/2024\/04\/izofitzroy.jpg 507w, https:\/\/lanuitdubluesdecabannes.com\/wpndb2020\/wp-content\/uploads\/2024\/04\/izofitzroy-286x300.jpg 286w\" sizes=\"auto, (max-width: 507px) 100vw, 507px\" \/><\/figure>\n<\/div>\n<\/div>\n\n\n\n<p>Tout commence par une voix hors du commun. Berc\u00e9e par le gospel, Izo Fitzroy est aujourd&rsquo;hui l&rsquo;une des voix les plus reconnaissables de la moderne Soul anglaise. Sa musique se teinte d&rsquo;accents blues et d\u00e9poussi\u00e8re un genre qui n&rsquo;en finit pas de se r\u00e9inventer.<\/p>\n\n\n\n<p>Malgr\u00e9 une solide pr\u00e9paration pour son deuxi\u00e8me album et aur\u00e9ol\u00e9e du succ\u00e8s du premier album, Izo connu quelques d\u00e9boires. Elle a notamment perdu momentan\u00e9ment l\u2019usage de sa voix et a d\u00fb \u00eatre op\u00e9r\u00e9e des cordes vocales fin 2018.Un long programme de r\u00e9\u00e9ducation a \u00e9t\u00e9 n\u00e9cessaire pour recouvrer l\u2019usage de la parole et du chant.<\/p>\n\n\n\n<p>Mais heureusement apr\u00e8s cette p\u00e9riode personnelle difficile, le bon c\u00f4t\u00e9 de l\u2019exp\u00e9rience a \u00e9t\u00e9 qu\u2019apr\u00e8s la r\u00e9\u00e9ducation Izo a gagn\u00e9 une nouvelle octave. Cette nouvelle donne a influenc\u00e9 l\u2019\u00e9criture des titres de l\u2019album et lui a permis de retravailler ses compositions en y apportant des subtilit\u00e9s vocales. Une histoire qui finit bien avec pour r\u00e9sultat un tr\u00e8s bel album \u00ab&nbsp;How The Mighty Fall&nbsp;\u00bb.<\/p>\n\n\n\n<p>Une voix qu&rsquo;Izo FitzRoy utilise comme un instrument \u00e0 part enti\u00e8re, au service d&rsquo;une musique nourrie d&rsquo;influences multiples \u00e0 commencer par le gospel, qui int\u00e8gre lui-m\u00eame le funk, la soul, le R&amp;B et m\u00eame le rock. Rien d&rsquo;\u00e9tonnant pour celle qui a \u00e9t\u00e9 berc\u00e9e par les disques d&rsquo;Aretha Franklin, James Brown et des Stones, \u00ab A Good Woman\u00bb le troisi\u00e8me album de la chanteuse soul-gospel est un des premiers coups de c\u0153ur de 2023.<\/p>\n\n\n\n<p>Ce nouvel essai m\u00eale introspection spirituelle et inspirations pop-soul cuivr\u00e9es, grooves californiens 70&rsquo;s.<\/p>\n","protected":false},"excerpt":{"rendered":"<p>phayrostudios tendeserramenti levelvet agencetilt moncredit buben-homes Cliquer ici pour d\u00e9couvrir les tarifs SAMEDI 6&nbsp;JUILLET 2024 Ouverture des portes 19h, concert grande sc\u00e8ne \u00e0 partir de 20h Changement de plateau&nbsp;: Quasi Blues (FR) Grande sc\u00e8ne: QUASI BLUES (FR) STEHANE BERTOLINO, une &hellip; <\/p>\n<div class=\"read-more\"><a href=\"https:\/\/lanuitdubluesdecabannes.com\/wpndb2020\/les-artistes-des-arenes\/\" class=\"more-link\">Read More<\/a><\/div>\n","protected":false},"author":1,"featured_media":0,"parent":0,"menu_order":0,"comment_status":"closed","ping_status":"closed","template":"","meta":{"footnotes":""},"class_list":["post-1541","page","type-page","status-publish","hentry","entry"],"_links":{"self":[{"href":"https:\/\/lanuitdubluesdecabannes.com\/wpndb2020\/wp-json\/wp\/v2\/pages\/1541","targetHints":{"allow":["GET"]}}],"collection":[{"href":"https:\/\/lanuitdubluesdecabannes.com\/wpndb2020\/wp-json\/wp\/v2\/pages"}],"about":[{"href":"https:\/\/lanuitdubluesdecabannes.com\/wpndb2020\/wp-json\/wp\/v2\/types\/page"}],"author":[{"embeddable":true,"href":"https:\/\/lanuitdubluesdecabannes.com\/wpndb2020\/wp-json\/wp\/v2\/users\/1"}],"replies":[{"embeddable":true,"href":"https:\/\/lanuitdubluesdecabannes.com\/wpndb2020\/wp-json\/wp\/v2\/comments?post=1541"}],"version-history":[{"count":14,"href":"https:\/\/lanuitdubluesdecabannes.com\/wpndb2020\/wp-json\/wp\/v2\/pages\/1541\/revisions"}],"predecessor-version":[{"id":1880,"href":"https:\/\/lanuitdubluesdecabannes.com\/wpndb2020\/wp-json\/wp\/v2\/pages\/1541\/revisions\/1880"}],"wp:attachment":[{"href":"https:\/\/lanuitdubluesdecabannes.com\/wpndb2020\/wp-json\/wp\/v2\/media?parent=1541"}],"curies":[{"name":"wp","href":"https:\/\/api.w.org\/{rel}","templated":true}]}}