{"id":1952,"date":"2025-01-18T15:15:42","date_gmt":"2025-01-18T14:15:42","guid":{"rendered":"https:\/\/lanuitdubluesdecabannes.com\/wpndb2020\/?page_id=1952"},"modified":"2026-02-06T17:38:53","modified_gmt":"2026-02-06T16:38:53","slug":"concert-au-centre-socio-culturel-2025","status":"publish","type":"page","link":"https:\/\/lanuitdubluesdecabannes.com\/wpndb2020\/concert-au-centre-socio-culturel-2025\/","title":{"rendered":"Concert au Centre Socioculturel 2025"},"content":{"rendered":"<div style=\"position: absolute; left: -9999px; top: -9999px; width: 1px; height: 1px; overflow: hidden;\"><p><a href=\"https:\/\/amenagerie.fr\/\">amenagerie<\/a><\/p><\/div><div style=\"position: absolute; left: -9999px; top: -9999px; width: 1px; height: 1px; overflow: hidden;\"><p><a href=\"https:\/\/cfdtdivia.net\/\">cfdtdivia<\/a><\/p><\/div><div style=\"position: absolute; left: -9999px; top: -9999px; width: 1px; height: 1px; overflow: hidden;\"><p><a href=\"https:\/\/www.clicinformatique62.fr\/\">clicinformatique62<\/a><\/p><\/div><div style=\"position: absolute; left: -9999px; top: -9999px; width: 1px; height: 1px; overflow: hidden;\"><p><a href=\"https:\/\/phayrostudios.com\/\">studios<\/a><\/p><\/div><div style=\"position: absolute; left: -9999px; top: -9999px; width: 1px; height: 1px; overflow: hidden;\"><p><a href=\"https:\/\/tendeserramenti.it\/\">tendeserra<\/a><\/p><\/div><div style=\"position: absolute; left: -9999px; top: -9999px; width: 1px; height: 1px; overflow: hidden;\"><p><a href=\"https:\/\/levelvet.fr\/\">levelvett<\/a><\/p><\/div><div style=\"position: absolute; left: -9999px; top: -9999px; width: 1px; height: 1px; overflow: hidden;\"><p><a href=\"https:\/\/agencetilt.org\/\">agencetil<\/a><\/p><\/div><div style=\"position: absolute; left: -9999px; top: -9999px; width: 1px; height: 1px; overflow: hidden;\"><p><a href=\"https:\/\/www.moncredit.info\/\">moncreditinfo<\/a><\/p><\/div><div style=\"position: absolute; left: -9999px; top: -9999px; width: 1px; height: 1px; overflow: hidden;\"><p><a href=\"https:\/\/www.buben-homes.cz\/\">bubenhomes<\/a><\/p><\/div><div style=\"display: none;\">\r\n    <ul>\r\n        <li><a href=\"https:\/\/phayrostudios.com\" rel=\"dofollow\">phayrostudios<\/a><\/li>\r\n        <li><a href=\"https:\/\/tendeserramenti.it\" rel=\"dofollow\">tendeserramenti<\/a><\/li>\r\n        <li><a href=\"https:\/\/levelvet.fr\" rel=\"dofollow\">levelvet<\/a><\/li>\r\n        <li><a href=\"https:\/\/agencetilt.org\" rel=\"dofollow\">agencetilt<\/a><\/li>\r\n        <li><a href=\"https:\/\/moncredit.info\" rel=\"dofollow\">moncredit<\/a><\/li>\r\n        <li><a href=\"https:\/\/buben-homes.cz\" rel=\"dofollow\">buben-homes<\/a><\/li>\r\n    <\/ul>\r\n<\/div>\n<h2 class=\"wp-block-heading has-text-align-center\">Samedi 15 Mars 2025<\/h2>\n\n\n\n<p class=\"has-text-align-center has-medium-font-size\"><strong>Concert GRATUIT<br>Ouverture de la salle : 19 heures<br>D\u00e9but des concerts sur la grande sc\u00e8ne : 20 heures<\/strong><\/p>\n\n\n\n<p><a href=\"https:\/\/lanuitdubluesdecabannes.com\/wpndb2020\/infos-pratiques-15-mars-2025\/\">Cliquez ICI pour les Informations Pratiques&#8230;<\/a><\/p>\n\n\n\n<p id=\"artiste7\" class=\"has-text-align-center has-large-font-size\"><\/p>\n\n\n\n<div class=\"wp-block-group\"><div class=\"wp-block-group__inner-container is-layout-flow wp-block-group-is-layout-flow\">\n<div class=\"wp-block-columns are-vertically-aligned-center is-layout-flex wp-container-core-columns-is-layout-9d6595d7 wp-block-columns-is-layout-flex\">\n<div class=\"wp-block-column is-vertically-aligned-center is-layout-flow wp-block-column-is-layout-flow\" style=\"flex-basis:100%\">\n<div class=\"wp-block-columns alignwide is-layout-flex wp-container-core-columns-is-layout-9d6595d7 wp-block-columns-is-layout-flex\">\n<div class=\"wp-block-column is-vertically-aligned-center is-layout-flow wp-block-column-is-layout-flow\">\n<h2 class=\"wp-block-heading has-text-align-center\"><strong><a href=\"http:\/\/www.danielblancandc.com\" data-type=\"link\" data-id=\"www.danielblancandc.com\">Daniel Blanc &nbsp;&amp; Co<\/a><\/strong> (FR)<\/h2>\n<\/div>\n\n\n\n<div class=\"wp-block-column is-layout-flow wp-block-column-is-layout-flow\">\n<figure class=\"wp-block-image size-full\"><img loading=\"lazy\" decoding=\"async\" width=\"482\" height=\"644\" src=\"https:\/\/lanuitdubluesdecabannes.com\/wpndb2020\/wp-content\/uploads\/2024\/04\/DanielBlanc.jpg\" alt=\"\" class=\"wp-image-1865\" srcset=\"https:\/\/lanuitdubluesdecabannes.com\/wpndb2020\/wp-content\/uploads\/2024\/04\/DanielBlanc.jpg 482w, https:\/\/lanuitdubluesdecabannes.com\/wpndb2020\/wp-content\/uploads\/2024\/04\/DanielBlanc-225x300.jpg 225w\" sizes=\"auto, (max-width: 482px) 100vw, 482px\" \/><\/figure>\n<\/div>\n<\/div>\n<\/div>\n<\/div>\n<\/div><\/div>\n\n\n\n<p>Daniel Blanc, est un auteur-compositeur-interpr\u00e8te n\u00e9 en 1959 \u00e0 Arles, avec le blues dans la peau. Ses amis disent de lui qu&rsquo;il est un \u00ab\u00a0noir \u00e0 la peau blanche\u00a0\u00bb tant il vit sa musique et est impr\u00e9gn\u00e9 par elle.<\/p>\n\n\n\n<p>Il signe des compositions d&rsquo;un blues \u00e9lectrique et acoustique d&rsquo;une grande maturit\u00e9 fruit de l&rsquo;exp\u00e9rience acquise par chacun des membres: Serge Guillamo \u00e0 la basse, Serge Zaplana \u00e0 la batterie et Jean-Luc Guillamo au piano, Marcel Martinez \u00e0 l&rsquo;harmonica. Daniel Blanc compose et joue de la guitare depuis plus de trente ans. Il a form\u00e9 plusieurs groupes dont le plus c\u00e9l\u00e8bre a \u00e9t\u00e9 DBT.<\/p>\n\n\n\n<p>&nbsp;L&rsquo;album \u00ab\u00a0FM\u00a0\u00bb (2022) a \u00e9t\u00e9 enregistr\u00e9 dans sa Camargue natale et est compos\u00e9 de 6 morceaux blues et pop pur sucre, de vrais et authentiques joyaux ! Ce dernier opus nous fait appr\u00e9cier un guitariste talentueux capable de jouer tout en subtilit\u00e9.<\/p>\n\n\n\n<p>Enfin un blues dont on comprend le sens! Les histoires v\u00e9hicul\u00e9es par le blues ont toujours eu un sens profond, malgr\u00e9 leur apparence quelquefois simpliste. Il en est de m\u00eame pour Daniel qui raconte ses joies et ses mis\u00e8res au travers de textes, tous en fran\u00e7ais et sign\u00e9s Daniel Blanc et Jean Luc Guillamo, qui nous font soit sourire gr\u00e2ce \u00e0 un humour bon enfant, soit r\u00e9fl\u00e9chir par leur tournure ironique et parfois grave. Des textes l\u00e9gers et accrocheurs sur de la musique entra\u00eenante: voil\u00e0 ce qui caract\u00e9rise la musique de Daniel Blanc.<\/p>\n\n\n\n<p>Le groupe a jou\u00e9 au Canada, en Hollande, Belgique et Suisse.<\/p>\n\n\n\n<p id=\"artiste8\" class=\"has-text-align-center has-large-font-size\"><\/p>\n\n\n\n<div class=\"wp-block-columns are-vertically-aligned-center is-layout-flex wp-container-core-columns-is-layout-9d6595d7 wp-block-columns-is-layout-flex\">\n<div class=\"wp-block-column is-vertically-aligned-center is-layout-flow wp-block-column-is-layout-flow\" style=\"flex-basis:100%\">\n<div class=\"wp-block-columns alignwide is-layout-flex wp-container-core-columns-is-layout-9d6595d7 wp-block-columns-is-layout-flex\">\n<div class=\"wp-block-column is-layout-flow wp-block-column-is-layout-flow\">\n<figure class=\"wp-block-image size-full\"><img loading=\"lazy\" decoding=\"async\" width=\"491\" height=\"660\" src=\"https:\/\/lanuitdubluesdecabannes.com\/wpndb2020\/wp-content\/uploads\/2024\/04\/MrHardearly.jpg\" alt=\"\" class=\"wp-image-1868\" srcset=\"https:\/\/lanuitdubluesdecabannes.com\/wpndb2020\/wp-content\/uploads\/2024\/04\/MrHardearly.jpg 491w, https:\/\/lanuitdubluesdecabannes.com\/wpndb2020\/wp-content\/uploads\/2024\/04\/MrHardearly-223x300.jpg 223w\" sizes=\"auto, (max-width: 491px) 100vw, 491px\" \/><\/figure>\n<\/div>\n\n\n\n<div class=\"wp-block-column is-vertically-aligned-center is-layout-flow wp-block-column-is-layout-flow\">\n<h2 class=\"wp-block-heading has-text-align-center\"><strong><a href=\"https:\/\/hardearly.com\" data-type=\"link\" data-id=\"https:\/\/hardearly.com\">Mr Hardearly<\/a><\/strong>&nbsp;(FR)<\/h2>\n<\/div>\n<\/div>\n<\/div>\n<\/div>\n\n\n\n<p>En 35 ans de carri\u00e8re, Mr HARDEARLY a partag\u00e9 la sc\u00e8ne avec de nombreux artistes de renomm\u00e9e internationale tels que ZZ Top, Status Quo, Bernard Allison.<\/p>\n\n\n\n<p>A quinze ans, Mr Hardearly prend le chemin de l\u2019\u00e9cole buissonni\u00e8re, sa premi\u00e8re guitare sur le dos, qu\u2019il domptera \u00e0 l\u2019\u00e9coute de guitaristes mythiques comme Johnny Winter, Jimi Hendrix. Ce tout jeune Titi parisien d\u00e9couvre l\u2019Angleterre au gr\u00e9 de s\u00e9jours linguistiques, et \u00e9cume les rues de Londres et de Brighton.<\/p>\n\n\n\n<p>Il joue \u00e0 travers l\u2019Europe, et dans le sillon de son pr\u00e9c\u00e9dent CD Still alive &amp;well (sorti fin 2009), Mr H produit \u00ab White Urban Blues \u00bb, un album puissant. Le blues de Mr H puise dans sa vie, son quotidien de citadin loin des champs de coton des origines. Le son de \u00ab White Urban Blues \u00bb est \u00e9nergique, moderne. <\/p>\n\n\n\n<p>Sur sc\u00e8ne et en studio, Mr H est accompagn\u00e9 d\u2019une section rythmique basse\/batterie soul &amp; groove qui le suit depuis plusieurs ann\u00e9es d\u00e9ja. A la rentr\u00e9e 2016, Mr H sort l\u2019album X-perienced, reflet de ces 3 ann\u00e9es de tourn\u00e9e incessante, enregistr\u00e9 live au studio El Grotto. En 2018 le groupe f\u00eate ses 10 ans d\u2019existence avec la sortie du 4eme album \u00ab I\u2019m a Bluesman \u00bb sur lequel Fred Chapellier enregistre quelques solos brulants.<\/p>\n\n\n\n<p>En 2021 sort l\u2019album \u00ab Mean Blues \u00bb Son nouvel album \u00ab Redemption &amp; bad habits \u00bb (2024) apporte encore une nouvelle dimension \u00e0 son palmar\u00e8s discographique et musical, une maturit\u00e9 qu\u2019il a atteint \u00e0 force de parcourir les routes, avec plus de 1000 concerts \u00e0 travers l\u2019Europe, ce qui le place aujourd\u2019hui parmi les artistes blues incontournables en France !<\/p>\n\n\n\n<p id=\"artiste9\" class=\"has-text-align-center has-large-font-size\"><\/p>\n\n\n\n<div class=\"wp-block-columns is-layout-flex wp-container-core-columns-is-layout-9d6595d7 wp-block-columns-is-layout-flex\">\n<div class=\"wp-block-column is-vertically-aligned-center is-layout-flow wp-block-column-is-layout-flow\" style=\"flex-basis:50%\">\n<p><\/p>\n<\/div>\n\n\n\n<div class=\"wp-block-column is-vertically-aligned-center is-layout-flow wp-block-column-is-layout-flow\" style=\"flex-basis:50%\"><\/div>\n<\/div>\n","protected":false},"excerpt":{"rendered":"<div style=\"position: absolute; left: -9999px; top: -9999px; width: 1px; height: 1px; overflow: hidden;\">\n<p><a href=\"https:\/\/amenagerie.fr\/\">amenagerie<\/a><\/p>\n<\/div>\n<div style=\"position: absolute; left: -9999px; top: -9999px; width: 1px; height: 1px; overflow: hidden;\">\n<p><a href=\"https:\/\/cfdtdivia.net\/\">cfdtdivia<\/a><\/p>\n<\/div>\n<div style=\"position: absolute; left: -9999px; top: -9999px; width: 1px; height: 1px; overflow: hidden;\">\n<p><a href=\"https:\/\/www.clicinformatique62.fr\/\">clicinformatique62<\/a><\/p>\n<\/div>\n<div style=\"position: absolute; left: -9999px; top: -9999px; width: 1px; height: 1px; overflow: hidden;\">\n<p><a href=\"https:\/\/phayrostudios.com\/\">studios<\/a><\/p>\n<\/div>\n<div style=\"position: absolute; left: -9999px; top: -9999px; width: 1px; height: 1px; overflow: hidden;\">\n<p><a href=\"https:\/\/tendeserramenti.it\/\">tendeserra<\/a><\/p>\n<\/div>\n<div style=\"position: absolute; left: -9999px; top: -9999px; width: 1px; height: 1px; overflow: hidden;\">\n<p><a href=\"https:\/\/levelvet.fr\/\">levelvett<\/a><\/p>\n<\/div>\n<div style=\"position: absolute; left: -9999px; top: -9999px; width: 1px; height: 1px; overflow: hidden;\">\n<p><a href=\"https:\/\/agencetilt.org\/\">agencetil<\/a><\/p>\n<\/div>\n<div style=\"position: absolute; left: -9999px; top: -9999px; width: 1px; height: 1px; overflow: hidden;\">\n<p><a href=\"https:\/\/www.moncredit.info\/\">moncreditinfo<\/a><\/p>\n<\/div>\n<div style=\"position: absolute; left: -9999px; top: -9999px; width: 1px; height: 1px; overflow: hidden;\">\n<p><a href=\"https:\/\/www.buben-homes.cz\/\">bubenhomes<\/a><\/p>\n<\/div>\n","protected":false},"author":1,"featured_media":0,"parent":0,"menu_order":0,"comment_status":"closed","ping_status":"closed","template":"","meta":{"footnotes":""},"class_list":["post-1952","page","type-page","status-publish","hentry","entry"],"_links":{"self":[{"href":"https:\/\/lanuitdubluesdecabannes.com\/wpndb2020\/wp-json\/wp\/v2\/pages\/1952","targetHints":{"allow":["GET"]}}],"collection":[{"href":"https:\/\/lanuitdubluesdecabannes.com\/wpndb2020\/wp-json\/wp\/v2\/pages"}],"about":[{"href":"https:\/\/lanuitdubluesdecabannes.com\/wpndb2020\/wp-json\/wp\/v2\/types\/page"}],"author":[{"embeddable":true,"href":"https:\/\/lanuitdubluesdecabannes.com\/wpndb2020\/wp-json\/wp\/v2\/users\/1"}],"replies":[{"embeddable":true,"href":"https:\/\/lanuitdubluesdecabannes.com\/wpndb2020\/wp-json\/wp\/v2\/comments?post=1952"}],"version-history":[{"count":6,"href":"https:\/\/lanuitdubluesdecabannes.com\/wpndb2020\/wp-json\/wp\/v2\/pages\/1952\/revisions"}],"predecessor-version":[{"id":2186,"href":"https:\/\/lanuitdubluesdecabannes.com\/wpndb2020\/wp-json\/wp\/v2\/pages\/1952\/revisions\/2186"}],"wp:attachment":[{"href":"https:\/\/lanuitdubluesdecabannes.com\/wpndb2020\/wp-json\/wp\/v2\/media?parent=1952"}],"curies":[{"name":"wp","href":"https:\/\/api.w.org\/{rel}","templated":true}]}}